{"id":1,"date":"2019-08-29T13:07:36","date_gmt":"2019-08-29T13:07:36","guid":{"rendered":"https:\/\/worldofdancespain.es\/?p=1"},"modified":"2026-01-18T23:37:18","modified_gmt":"2026-01-18T23:37:18","slug":"home","status":"publish","type":"page","link":"https:\/\/worldofdanceportugal.com\/pt\/","title":{"rendered":"Home"},"content":{"rendered":"<h1>World of Dance<\/h1>\n<h2>24th of May 2026<\/h2>\n<ul>\n<li>\n        <a href=\"\/pt\/tickets\/\">Bilhetes<\/a>\n    <\/li>\n<li>\n        <a href=\"\/pt\/register\/\">Registro<\/a>\n    <\/li>\n<\/ul>\n<h1>ficar atentos<\/h1>\n<div>\n<p><span>...para quebrar barreiras na dan\u00e7a, linguagem, m\u00fasica, moda e estilo de vida.<\/span><\/p>\n<\/div>\n<div>\n<p>Treze anos em constru\u00e7\u00e3o, o World of Dance Championship Series cresceu de um \u00fanico evento em Los Angeles para uma competi\u00e7\u00e3o de dan\u00e7a de renome mundial com as melhores equipas de dan\u00e7a do mundo. Com mais de 30 pa\u00edses e milh\u00f5es de espectadores, o World of Dance continua a quebrar barreiras na dan\u00e7a, linguagem, m\u00fasica, moda e estilo de vida.<\/p>\n<p>Em todo o mundo, foram feitos campe\u00f5es no palco da WOD. Das centenas de participa\u00e7\u00f5es, tr\u00eas vencedores s\u00e3o coroados por regi\u00e3o, e convidados a defender o seu t\u00edtulo na maior semana da Semana do Campeonato do Mundo de Dan\u00e7a em L.A.<\/p>\n<\/div>\n<div>Will you join us?<\/div>\n<hr>\n<p><time datetime=\"2026-05-24T23:46:00+01:00\">2026-05-24T23:46:00+01:00<\/time><\/p>\n<p>\n    <a href=\"\/pt\/register\/\">Registe-se agora<\/a>\n<\/p>\n<h1>CHOREOZONE<\/h1>\n<ul>\n<li>\n<div>Preencha o formul\u00e1rio para enviar sua pr\u00e9-inscri\u00e7\u00e3o.<\/div>\n<\/li>\n<li>\n<div>\n<p>The link of video can be about recent or old rehearsal \/ showcase \/ video concept. It doesn\u00b4t have to be the same show that will be performed.<\/p>\n<\/div>\n<\/li>\n<li>\n<div>\n<p>Os crit\u00e9rios de sele\u00e7\u00e3o para solos\/duos e grupos s\u00e3o baseados no n\u00edvel de dan\u00e7a dos participantes e abertos para todos os estilos.<\/p>\n<\/div>\n<\/li>\n<li>\n<div>Depois disso, voc\u00ea receber\u00e1 um e-mail indicando se o grupo foi aceito para participar e voc\u00ea poder\u00e1 prosseguir com o pagamento da inscri\u00e7\u00e3o.<\/div>\n<\/li>\n<\/ul>\n<hr>\n<ul>\n<li>\n<p>        <img decoding=\"async\" src=\"\/wp-content\/uploads\/DSC09573-scaled.jpeg\" alt=\"\"><\/p>\n<h3>Regras da competi\u00e7\u00e3o<\/h3>\n<p><a href=\"\/pt\/international-event-rules-2026\/\"><\/a><\/p>\n<\/li>\n<li>\n<p>        <img decoding=\"async\" src=\"\/wp-content\/uploads\/DSC07958-scaled-e1675960690719.jpg\" alt=\"\"><\/p>\n<h3>Volunt\u00e1rios<\/h3>\n<p><a href=\"\/pt\/volunteers\/\"><\/a><\/p>\n<\/li>\n<\/ul>\n<div>BATTLEZONE<\/div>\n<ul>\n<li>\n<div>Preencha o formul\u00e1rio para enviar seu registro.<\/div>\n<\/li>\n<li>\n<div>Por favor, se voc\u00ea for participar em v\u00e1rias categorias, selecione todas elas no formul\u00e1rio.<\/div>\n<\/li>\n<li>\n<div>Depois disso, voc\u00ea receber\u00e1 um e-mail para prosseguir com o pagamento da inscri\u00e7\u00e3o.<\/div>\n<\/li>\n<\/ul>\n<hr>\n<ul>\n<li>\n<h3>Categorias<\/h3>\n<div>\n<p>1VS1 Hiphop<\/p>\n<p>1VS1 House<\/p>\n<p>1VS1 Funk Styles<\/p>\n<p>2vs2 All Styles<\/p>\n<\/p>\n<\/div>\n<\/li>\n<li>\n<h3>Pr\u00eamios 1 contra 1<\/h3>\n<div>\n<p>1\u00ba place &#8211; 250\u20ac<\/p>\n<p>2\u00ba lugar - Produtos<\/p>\n<\/div>\n<\/li>\n<li>\n<h3>Pr\u00eamios 2 contra 2<\/h3>\n<div>\n<p>1\u00ba lugar - 400\u20ac<\/p>\n<p>2\u00ba lugar - Produtos<\/p>\n<\/div>\n<\/li>\n<\/ul>\n<div>Pre\u00e7os<\/div>\n<hr>\n<ul>\n<li>\n<h3>CHOREOZONE<\/h3>\n<div>\n<p>28\u20ac \/ Pax &#8211; 1 Team<\/p>\n<p>36\u20ac \/ Pax\u00a0 &#8211; 2 Teams<\/p>\n<\/div>\n<\/li>\n<li>\n<h3>BATTLEZONE<\/h3>\n<div>\n<p>20\u20ac &#8211; One Category<\/p>\n<p>25\u20ac &#8211; All categories included<\/p>\n<\/div>\n<\/li>\n<li>\n<h3>PACOTES<\/h3>\n<div>\n<p>Dancer Entry + Workshops 3h = 65\u20ac<\/p>\n<p>Dancer Entry + Workshops 6h = 85\u20ac<\/p>\n<\/p>\n<\/div>\n<\/li>\n<li>\n<h3>WORKSHOPS<\/h3>\n<div>\n<p>Workshops 1h\u00a0 =\u00a0 35\u20ac<\/p>\n<p>Workshops 3h = 45\u20ac<\/p>\n<p>Workshops 6h = 80\u20ac<\/p>\n<\/div>\n<\/li>\n<\/ul>\n<div>ACOMODA\u00c7\u00c3O<\/div>\n<hr>\n<div>\n<h3 style=\"color: #31ab64;\">FEIRA HOSTEL<\/h3>\n<p>Located in an area of bars and restaurants in the historic center, this minimalist hostel is a 6-minute walk from the Museu Convento dos L\u00f3ios, a 15-minute walk from Sanfins train station and 4.8 km from Europarque (9 &#8211; minute by car)<\/p>\n<\/div>\n<hr>\n<div>\n<h3 style=\"color: #31ab64;\">HOSTEL DA PRA\u00c7A<\/h3>\n<p>This hostel is located in the city center, next to bars, 13 minutes from Sanfins train station and 5km to Europarque.<\/p>\n<\/div>\n<hr>\n<div>\n<h3 style=\"color: #31ab64;\">NOVA CRUZ HOTEL<\/h3>\n<p>This informal hotel is located\u00a0 2.3 km from Visionarium Science Museum and just 1.5 km from Europarque ( 6-minute by car)<\/p>\n<\/div>\n<div>CONVITE PARA VISA<\/div>\n<hr>\n<div>\n<h6><b>Precisa de um convite para visa?<br \/><\/b><\/h6>\n<p>Please send your full name, date of birth, passport and nationality to portugal@worldofdance.com in order to receive an invitation.<\/p>\n<\/div>\n<p><!--more--><br \/>\n<!-- {\"name\":\"Home\",\"type\":\"layout\",\"children\":[{\"name\":\"Hero\",\"type\":\"section\",\"props\":{\"width\":\"expand\",\"style\":\"default\",\"text_color\":\"light\",\"media\":\"images\\\/home-header.jpg\",\"height_viewport\":true,\"header_overlay\":\"light\",\"image\":\"wp-content\\\/uploads\\\/DSC09219-scaled.jpeg\",\"media_advanced\":true,\"media_background\":null,\"media_overlay\":\"rgba(22, 25, 22, 0.79)\",\"header_transparent\":\"light\",\"image_position\":\"top-center\",\"class\":\"\",\"image_fixed\":false,\"vertical_align\":\"middle\",\"title_position\":\"top-left\",\"title_rotation\":\"left\",\"title_breakpoint\":\"xl\",\"image_width\":\"2560\",\"height\":\"full\",\"animation\":\"slide-bottom-medium\",\"animation_delay\":\"200\",\"media_overlay_gradient\":\"#151627\",\"image_size\":\"cover\"},\"children\":[{\"name\":\"\",\"type\":\"row\",\"props\":{\"margin\":\"xlarge\"},\"children\":[{\"name\":\"\",\"type\":\"column\",\"props\":{\"image_position\":\"center-center\",\"media_overlay_gradient\":\"\",\"width_medium\":\"1-1\",\"position_sticky_breakpoint\":\"m\"},\"children\":[{\"name\":\"\",\"type\":\"headline\",\"props\":{\"title_element\":\"h1\",\"content\":\"World of Dance\",\"title_style\":\"heading-xlarge\",\"text_align\":\"center\",\"animation\":\"none\",\"class\":\"\",\"block_align\":\"center\",\"margin_remove_bottom\":false,\"css\":\"\\n@media screen and (max-width:600px) {\\n.el-element {\\n  font-size: 60px;\\n}\\n}\"}},{\"name\":\"\",\"type\":\"headline\",\"props\":{\"title_element\":\"h2\",\"content\":\"24th of May 2026\",\"text_align\":\"center\",\"text_align_fallback\":\"center\",\"title_style\":\"h3\",\"block_align\":\"center\",\"margin\":\"default\",\"animation\":\"fade\"}},{\"type\":\"button\",\"props\":{\"grid_column_gap\":\"medium\",\"grid_row_gap\":\"small\",\"margin\":\"large\",\"text_align\":\"center\",\"button_size\":\"large\",\"css\":\".uk-button-default {\\n\\tcolor: white;\\n}\\n\\n.uk-button-default:hover{\\n\\tbackground-color: white;\\n    color: black;\\n}\\n\\n.uk-button-primary{\\n\\tbackground-image: linear-gradient(135deg, #317F4A, #29A25B);\\n    color: white;\\n}\\n\\n.uk-button-primary:hover{\\n\\tbackground-image: linear-gradient(135deg, white, white);\\n    color: black;\\n}\"},\"children\":[{\"type\":\"button_item\",\"props\":{\"button_style\":\"primary\",\"icon_align\":\"left\",\"content\":\"Tickets\",\"link\":\"\\\/tickets\\\/\",\"status\":\"\"}},{\"type\":\"button_item\",\"props\":{\"button_style\":\"default\",\"icon_align\":\"left\",\"content\":\"Register\",\"link\":\"\\\/register\"}}]}]}]}]},{\"type\":\"section\",\"props\":{\"style\":\"default\",\"width\":\"default\",\"vertical_align\":\"middle\",\"title_position\":\"top-left\",\"title_rotation\":\"left\",\"title_breakpoint\":\"xl\",\"image_position\":\"center-center\",\"title\":\"\"},\"children\":[{\"type\":\"row\",\"props\":{\"layout\":\"1-2,1-2\"},\"children\":[{\"type\":\"column\",\"props\":{\"position_sticky_breakpoint\":\"m\",\"image_position\":\"center-center\",\"media_overlay_gradient\":\"\",\"width_medium\":\"1-2\"},\"children\":[{\"type\":\"headline\",\"props\":{\"title_element\":\"h1\",\"content\":\"stay tuned\"}},{\"type\":\"divider\",\"props\":{\"divider_element\":\"div\",\"divider_style\":\"small\"}},{\"type\":\"text\",\"props\":{\"margin\":\"default\",\"column_breakpoint\":\"m\",\"content\":\"\n\n<p><span>...to break barriers in dance, language, music, fashion and lifestyle.<\\\/span><\\\/p>\"}}]},{\"type\":\"column\",\"props\":{\"position_sticky_breakpoint\":\"m\",\"image_position\":\"center-center\",\"media_overlay_gradient\":\"\",\"width_medium\":\"1-2\"},\"children\":[{\"type\":\"text\",\"props\":{\"margin\":\"default\",\"column_breakpoint\":\"m\",\"content\":\"\n\n<p>Thirteen years in the making, the World of Dance Championship Series has grown from a single event in Los Angeles to a globally renowned dance competition featuring the worlds best dance crews. With 30 + Countries and millions of spectators, World of Dance continues to break barriers in dance, language, music, fashion and lifestyle.<\\\/p>\\n\n\n<p>All around the world, Champions have been made on the WOD Stage. Out of hundreds of entries, three winners are crowned per region, and invited to defend their title at the biggest week in the World of Dance Championship Week in L.A.<\\\/p>\"}}]}]},{\"type\":\"row\",\"children\":[{\"type\":\"column\",\"props\":{\"position_sticky_breakpoint\":\"m\",\"image_position\":\"center-center\",\"media_overlay_gradient\":\"\"},\"children\":[{\"type\":\"headline\",\"props\":{\"title_element\":\"div\",\"content\":\"Will you join us?\",\"title_style\":\"h4\",\"title_color\":\"primary\",\"text_align\":\"center\",\"animation\":\"slide-top\",\"status\":\"\"}},{\"type\":\"divider\",\"props\":{\"divider_element\":\"hr\",\"divider_style\":\"icon\"}},{\"type\":\"countdown\",\"props\":{\"show_separator\":true,\"show_label\":true,\"grid_column_gap\":\"small\",\"grid_row_gap\":\"small\",\"label_margin\":\"small\",\"margin\":\"medium\",\"date\":\"2026-05-24T23:46:00+01:00\",\"text_align\":\"center\"}},{\"type\":\"button\",\"props\":{\"grid_column_gap\":\"small\",\"grid_row_gap\":\"small\",\"margin\":\"medium\",\"text_align\":\"center\",\"css\":\".el-content {\\n\\tcolor: white;\\n}\\n\\n.el-content:hover {\\n    background-color: white;\\n\\tcolor: black;\\n}\"},\"children\":[{\"type\":\"button_item\",\"props\":{\"button_style\":\"default\",\"icon_align\":\"right\",\"content\":\"Register now\",\"link\":\"\\\/register\",\"icon\":\"arrow-right\"}}]}]}]}]},{\"type\":\"section\",\"props\":{\"style\":\"default\",\"width\":\"default\",\"vertical_align\":\"middle\",\"title_position\":\"top-left\",\"title_rotation\":\"left\",\"title_breakpoint\":\"xl\",\"image_position\":\"center-center\"},\"children\":[{\"type\":\"row\",\"children\":[{\"type\":\"column\",\"props\":{\"position_sticky_breakpoint\":\"m\",\"image_position\":\"center-center\",\"media_overlay_gradient\":\"\",\"width_medium\":\"\"},\"children\":[{\"type\":\"headline\",\"props\":{\"title_element\":\"h1\",\"title_style\":\"heading-small\",\"text_align\":\"center\",\"content\":\"CHOREOZONE\",\"css\":\"@media screen and (max-width:600px) {\\n\\n.el-element {\\n\\n  font-size: 30px;\\n\\n}\\n\\n}\"}},{\"type\":\"list\",\"props\":{\"show_image\":true,\"show_link\":true,\"list_type\":\"vertical\",\"list_element\":\"ul\",\"list_horizontal_separator\":\", \",\"column_breakpoint\":\"m\",\"image_svg_color\":\"emphasis\",\"image_align\":\"left\",\"image_vertical_align\":true,\"list_marker\":\"decimal\",\"list_marker_color\":\"primary\",\"list_style\":\"divider\",\"list_size\":\"large\",\"css\":\".el-element {\\n\\tfont-size: larger;\\n   \\n}\\n\\nli.el-item::before {\\n\\tfont-size: x-large;\\n    position: relative;\\n   \\tpadding-bottom: 10px;\\n\\n}\",\"maxwidth\":\"xlarge\",\"block_align\":\"center\"},\"children\":[{\"type\":\"list_item\",\"props\":{\"content\":\"Complete the form for send your pre-register.\"}},{\"type\":\"list_item\",\"props\":{\"content\":\"\n\n<p>The link of video can be about recent or old rehearsal \\\/ showcase \\\/ video concept. It doesn\\u00b4t have to be the same show that will be performed.<\\\/p>\"}},{\"type\":\"list_item\",\"props\":{\"content\":\"\n\n<p>The selection criteria for solos\\\/duos and groups are based on the dance level of the participants, and open for all styles.<\\\/p>\"}},{\"type\":\"list_item\",\"props\":{\"content\":\"After that, you will receive an email indicating if the group is accepted to participate and you will be able to proceed with the registration payment.\"}}]}]}]},{\"type\":\"row\",\"children\":[{\"type\":\"column\",\"props\":{\"position_sticky_breakpoint\":\"m\",\"image_position\":\"center-center\",\"media_overlay_gradient\":\"\"},\"children\":[{\"type\":\"divider\",\"props\":{\"divider_element\":\"hr\",\"divider_style\":\"icon\",\"margin\":\"medium\",\"margin_remove_top\":true}},{\"name\":\"\",\"type\":\"headline\",\"props\":{\"title_element\":\"div\",\"content\":\"\",\"title_style\":\"h4\",\"text_align\":\"center\",\"animation\":\"slide-top\",\"title_color\":\"primary\",\"status\":\"\",\"maxwidth\":\"xlarge\",\"block_align\":\"center\",\"margin_remove_top\":true,\"margin\":\"medium\"}},{\"type\":\"gallery\",\"props\":{\"show_title\":true,\"show_meta\":true,\"show_content\":true,\"show_link\":true,\"show_hover_image\":true,\"grid_default\":\"1\",\"grid_medium\":\"2\",\"filter_style\":\"tab\",\"filter_all\":true,\"filter_position\":\"top\",\"filter_align\":\"left\",\"filter_grid_width\":\"auto\",\"filter_grid_breakpoint\":\"m\",\"overlay_mode\":\"caption\",\"overlay_hover\":false,\"overlay_style\":\"\",\"text_color\":\"light\",\"overlay_position\":\"center\",\"overlay_transition\":\"fade\",\"title_hover_style\":\"heading\",\"title_element\":\"h3\",\"meta_style\":\"text-meta\",\"meta_align\":\"below-title\",\"meta_element\":\"div\",\"link_text\":\"\",\"link_style\":\"default\",\"text_align\":\"center\",\"margin\":\"default\",\"item_animation\":true,\"text_color_hover\":false,\"overlay_link\":true,\"image_transition\":\"scale-up\",\"image_width\":\"500\",\"image_height\":\"250\",\"css\":\".el-item {\\n\\tborder: 7px solid #28A965;\\n}\\n\\n.el-title {\\t\\nletter-spacing: 2px;\\n    font-weight: 800;\\n}\\n\",\"title_style\":\"h3\",\"link_target\":true,\"parallax_easing\":\"1\"},\"children\":[{\"type\":\"gallery_item\",\"props\":{\"image\":\"wp-content\\\/uploads\\\/DSC09573-scaled.jpeg\",\"title\":\"Competition Rules\",\"link\":\"\\\/international-event-rules-2026\\\/\",\"media_overlay\":\"rgba(0, 0, 0, 0.8)\"}},{\"type\":\"gallery_item\",\"props\":{\"image\":\"wp-content\\\/uploads\\\/DSC07958-scaled-e1675960690719.jpg\",\"title\":\"Volunteers\",\"link\":\"\\\/volunteers\\\/\",\"media_overlay\":\"rgba(0, 0, 0, 0.8)\"}}]}]}]}],\"name\":\"Info Chorezone\"},{\"type\":\"section\",\"props\":{\"style\":\"secondary\",\"width\":\"default\",\"vertical_align\":\"middle\",\"title_position\":\"top-left\",\"title_rotation\":\"left\",\"title_breakpoint\":\"xl\",\"image_position\":\"center-center\",\"padding_remove_bottom\":false,\"padding\":\"large\"},\"children\":[{\"type\":\"row\",\"children\":[{\"type\":\"column\",\"props\":{\"position_sticky_breakpoint\":\"m\",\"image_position\":\"center-center\",\"media_overlay_gradient\":\"\"},\"children\":[{\"type\":\"headline\",\"props\":{\"title_element\":\"div\",\"content\":\"BATTLEZONE\",\"title_style\":\"heading-small\",\"text_align\":\"center\",\"css\":\"@media screen and (max-width:600px) {\\n\\n.el-element {\\n\\n  font-size: 30px;\\n\\n}\\n\\n}\"}},{\"type\":\"list\",\"props\":{\"show_image\":true,\"show_link\":true,\"list_type\":\"vertical\",\"list_element\":\"ul\",\"list_horizontal_separator\":\", \",\"column_breakpoint\":\"m\",\"image_svg_color\":\"emphasis\",\"image_align\":\"left\",\"image_vertical_align\":true,\"list_marker\":\"decimal\",\"list_marker_color\":\"primary\",\"list_style\":\"divider\",\"list_size\":\"large\",\"css\":\".el-element {\\n\\tfont-size: larger;\\n   \\n}\\n\\nli.el-item::before {\\n\\tfont-size: x-large;\\n    position: relative;\\n   \\tpadding-bottom: 10px;\\n\\n}\",\"maxwidth\":\"xlarge\",\"block_align\":\"center\"},\"children\":[{\"type\":\"list_item\",\"props\":{\"content\":\"Complete the form for send your register.\"}},{\"type\":\"list_item\",\"props\":{\"content\":\"Please, if you are going to participate in several categories, select them all in the form.\"}},{\"type\":\"list_item\",\"props\":{\"content\":\"After that, you will receive an email to proceed with the registration payment.\"}}]}]}]},{\"type\":\"row\",\"children\":[{\"type\":\"column\",\"props\":{\"position_sticky_breakpoint\":\"m\",\"image_position\":\"center-center\",\"media_overlay_gradient\":\"\",\"width_medium\":\"\"},\"children\":[{\"type\":\"divider\",\"props\":{\"divider_element\":\"hr\",\"divider_style\":\"icon\",\"margin\":\"medium\",\"margin_remove_top\":true}},{\"type\":\"grid\",\"props\":{\"show_title\":true,\"show_meta\":true,\"show_content\":true,\"show_image\":true,\"show_link\":true,\"grid_default\":\"1\",\"grid_medium\":\"3\",\"filter_style\":\"tab\",\"filter_all\":true,\"filter_position\":\"top\",\"filter_align\":\"left\",\"filter_grid_width\":\"auto\",\"filter_grid_breakpoint\":\"m\",\"title_hover_style\":\"reset\",\"title_element\":\"h3\",\"title_align\":\"top\",\"title_grid_width\":\"1-2\",\"title_grid_breakpoint\":\"m\",\"meta_style\":\"text-meta\",\"meta_align\":\"below-title\",\"meta_element\":\"div\",\"content_column_breakpoint\":\"m\",\"icon_width\":80,\"image_align\":\"top\",\"image_grid_width\":\"1-2\",\"image_grid_breakpoint\":\"m\",\"image_svg_color\":\"emphasis\",\"link_text\":\"Read more\",\"link_style\":\"default\",\"margin\":\"default\",\"item_animation\":true,\"css\":\".el-title {\\n\\tcolor: #28A965;\\n}\\n\\n.el-content {\\n\\tfont-size: larger;\\n    font-weight: 500;\\n    color: white;\\n}\",\"content_dropcap\":false,\"grid_divider\":true,\"grid_column_align\":false,\"text_align\":\"center\",\"parallax_easing\":\"1\"},\"children\":[{\"type\":\"grid_item\",\"props\":{\"title\":\"Categories\",\"content\":\"\n\n<p>1VS1 Hiphop<\\\/p>\\n\n\n<p>1VS1 House<\\\/p>\\n\n\n<p>1VS1 Funk Styles<\\\/p>\\n\n\n<p>2vs2 All Styles<\\\/p>\\n\n\n<p><\\\/p>\"}},{\"type\":\"grid_item\",\"props\":{\"title\":\"Awards 1 vs 1\",\"content\":\"\n\n<p>1\\u00ba place - 250\\u20ac<\\\/p>\\n\n\n<p>2\\u00ba place - Products<\\\/p>\"}},{\"type\":\"grid_item\",\"props\":{\"title\":\"Awards 2vs2\",\"content\":\"\n\n<p>1\\u00ba place - 400\\u20ac<\\\/p>\\n\n\n<p>2\\u00ba place - Products<\\\/p>\"}}]}]}]}],\"name\":\"bloque 3 Travel\"},{\"type\":\"section\",\"props\":{\"style\":\"default\",\"width\":\"default\",\"vertical_align\":\"middle\",\"title_position\":\"top-left\",\"title_rotation\":\"left\",\"title_breakpoint\":\"xl\",\"image_position\":\"center-center\",\"padding_remove_bottom\":false,\"padding\":\"large\"},\"children\":[{\"type\":\"row\",\"children\":[{\"type\":\"column\",\"props\":{\"position_sticky_breakpoint\":\"m\",\"image_position\":\"center-center\",\"media_overlay_gradient\":\"\",\"width_medium\":\"\"},\"children\":[{\"type\":\"headline\",\"props\":{\"title_element\":\"div\",\"content\":\"PRICES\",\"title_style\":\"heading-small\",\"text_align\":\"center\",\"css\":\"@media screen and (max-width:600px) {\\n\\n.el-element {\\n\\n  font-size: 30px;\\n\\n}\\n\\n}\"}},{\"type\":\"divider\",\"props\":{\"divider_element\":\"hr\",\"divider_style\":\"icon\"}},{\"type\":\"grid\",\"props\":{\"show_title\":true,\"show_meta\":true,\"show_content\":true,\"show_image\":true,\"show_link\":true,\"grid_default\":\"1\",\"grid_medium\":\"4\",\"filter_style\":\"tab\",\"filter_all\":true,\"filter_position\":\"top\",\"filter_align\":\"left\",\"filter_grid_width\":\"auto\",\"filter_grid_breakpoint\":\"m\",\"title_hover_style\":\"reset\",\"title_element\":\"h3\",\"title_align\":\"top\",\"title_grid_width\":\"1-2\",\"title_grid_breakpoint\":\"m\",\"meta_style\":\"text-meta\",\"meta_align\":\"below-title\",\"meta_element\":\"div\",\"content_column_breakpoint\":\"m\",\"icon_width\":80,\"image_align\":\"top\",\"image_grid_width\":\"1-2\",\"image_grid_breakpoint\":\"m\",\"image_svg_color\":\"emphasis\",\"link_text\":\"Read more\",\"link_style\":\"default\",\"margin\":\"default\",\"item_animation\":true,\"css\":\".el-title {\\n\\tcolor: #28A965;\\n}\\n\\n.el-content {\\n\\tfont-size: larger;\\n    font-weight: 500;\\n    color: white;\\n}\",\"content_dropcap\":false,\"grid_divider\":true,\"grid_column_align\":false,\"text_align\":\"center\",\"parallax_easing\":\"1\"},\"children\":[{\"type\":\"grid_item\",\"props\":{\"title\":\"CHOREOZONE\",\"content\":\"\n\n<p>28\\u20ac \\\/ Pax - 1 Team<\\\/p>\\n\n\n<p>36\\u20ac \\\/ Pax\\u00a0 - 2 Teams<\\\/p>\"}},{\"type\":\"grid_item\",\"props\":{\"title\":\"BATTLEZONE\",\"content\":\"\n\n<p>20\\u20ac - One Category<\\\/p>\\n\n\n<p>25\\u20ac - All categories included<\\\/p>\"}},{\"type\":\"grid_item\",\"props\":{\"title\":\"PACKS\",\"content\":\"\n\n<p>Dancer Entry + Workshops 3h = 65\\u20ac<\\\/p>\\n\n\n<p>Dancer Entry + Workshops 6h = 85\\u20ac<\\\/p>\\n\n\n<p><\\\/p>\\n\n\n<p><\\\/p>\"}},{\"type\":\"grid_item\",\"props\":{\"title\":\"WORKSHOPS\",\"content\":\"\n\n<p>Workshops 1h\\u00a0 =\\u00a0 35\\u20ac<\\\/p>\\n\n\n<p>Workshops 3h = 45\\u20ac<\\\/p>\\n\n\n<p>Workshops 6h = 80\\u20ac<\\\/p>\"}}]}]}]}],\"name\":\"Prices\"},{\"type\":\"section\",\"props\":{\"style\":\"default\",\"width\":\"default\",\"vertical_align\":\"middle\",\"title_position\":\"top-left\",\"title_rotation\":\"left\",\"title_breakpoint\":\"xl\",\"image_position\":\"center-center\"},\"children\":[{\"type\":\"row\",\"children\":[{\"type\":\"column\",\"props\":{\"position_sticky_breakpoint\":\"m\",\"image_position\":\"center-center\",\"media_overlay_gradient\":\"\"},\"children\":[{\"type\":\"headline\",\"props\":{\"title_element\":\"div\",\"content\":\"ACCOMODATION\",\"title_style\":\"heading-small\",\"text_align\":\"center\",\"css\":\"@media screen and (max-width:600px) {\\n\\n.el-element {\\n\\n  font-size: 30px;\\n\\n}\\n\\n}\"}},{\"type\":\"divider\",\"props\":{\"divider_element\":\"hr\",\"divider_style\":\"icon\"}}]}]},{\"type\":\"row\",\"children\":[{\"type\":\"column\",\"props\":{\"position_sticky_breakpoint\":\"m\",\"image_position\":\"center-center\",\"media_overlay_gradient\":\"\"},\"children\":[{\"type\":\"text\",\"props\":{\"margin\":\"default\",\"column_breakpoint\":\"m\",\"content\":\"\n\n<h3 style=\\\"color: #31ab64;\\\">FEIRA HOSTEL<\\\/h3>\\n\n\n<p>Located in an area of bars and restaurants in the historic center, this minimalist hostel is a 6-minute walk from the Museu Convento dos L\\u00f3ios, a 15-minute walk from Sanfins train station and 4.8 km from Europarque (9 - minute by car)<\\\/p>\"}}]}]},{\"type\":\"row\",\"children\":[{\"type\":\"column\",\"props\":{\"position_sticky_breakpoint\":\"m\",\"image_position\":\"center-center\",\"media_overlay_gradient\":\"\"},\"children\":[{\"type\":\"divider\",\"props\":{\"divider_element\":\"hr\",\"divider_style\":\"small\"}}]}]},{\"type\":\"row\",\"children\":[{\"type\":\"column\",\"props\":{\"position_sticky_breakpoint\":\"m\",\"image_position\":\"center-center\",\"media_overlay_gradient\":\"\"},\"children\":[{\"type\":\"text\",\"props\":{\"margin\":\"default\",\"column_breakpoint\":\"m\",\"content\":\"\n\n<h3 style=\\\"color: #31ab64;\\\">HOSTEL DA PRA\\u00c7A<\\\/h3>\\n\n\n<p>This hostel is located in the city center, next to bars, 13 minutes from Sanfins train station and 5km to Europarque.<\\\/p>\"}}]}]},{\"type\":\"row\",\"children\":[{\"type\":\"column\",\"props\":{\"position_sticky_breakpoint\":\"m\",\"image_position\":\"center-center\",\"media_overlay_gradient\":\"\"},\"children\":[{\"type\":\"divider\",\"props\":{\"divider_element\":\"hr\",\"divider_style\":\"small\"}}]}]},{\"type\":\"row\",\"children\":[{\"type\":\"column\",\"props\":{\"position_sticky_breakpoint\":\"m\",\"image_position\":\"center-center\",\"media_overlay_gradient\":\"\"},\"children\":[{\"type\":\"text\",\"props\":{\"margin\":\"default\",\"column_breakpoint\":\"m\",\"content\":\"\n\n<h3 style=\\\"color: #31ab64;\\\">NOVA CRUZ HOTEL<\\\/h3>\\n\n\n<p>This informal hotel is located\\u00a0 2.3 km from Visionarium Science Museum and just 1.5 km from Europarque ( 6-minute by car)<br \\\/><br \\\/><\\\/p>\"}}]}]},{\"type\":\"row\",\"children\":[{\"type\":\"column\",\"props\":{\"position_sticky_breakpoint\":\"m\",\"image_position\":\"center-center\",\"media_overlay_gradient\":\"\"},\"children\":[]}]}]},{\"type\":\"section\",\"props\":{\"style\":\"default\",\"width\":\"default\",\"vertical_align\":\"middle\",\"title_position\":\"top-left\",\"title_rotation\":\"left\",\"title_breakpoint\":\"xl\",\"image_position\":\"center-center\",\"title\":\"\"},\"children\":[{\"type\":\"row\",\"children\":[{\"type\":\"column\",\"props\":{\"position_sticky_breakpoint\":\"m\",\"image_position\":\"center-center\",\"media_overlay_gradient\":\"\"},\"children\":[{\"type\":\"headline\",\"props\":{\"title_element\":\"div\",\"content\":\"INVITATION FOR&nbsp;VISA\",\"title_style\":\"heading-small\",\"text_align\":\"center\"}},{\"type\":\"divider\",\"props\":{\"divider_element\":\"hr\",\"divider_style\":\"icon\"}},{\"type\":\"text\",\"props\":{\"margin\":\"medium\",\"column_breakpoint\":\"m\",\"content\":\"\n\n<h6><b>Do you need an invitation for a visa application?<br \\\/><\\\/b><\\\/h6>\\n\n\n<p>Please send your full name, date of birth, passport and nationality to portugal@worldofdance.com in order to receive an invitation.<\\\/p>\",\"text_style\":\"large\",\"maxwidth\":\"large\",\"block_align\":\"center\",\"text_align\":\"center\"}}]}]},{\"type\":\"row\",\"children\":[{\"type\":\"column\",\"props\":{\"position_sticky_breakpoint\":\"m\",\"image_position\":\"center-center\",\"media_overlay_gradient\":\"\"},\"children\":[]}]}]}],\"version\":\"3.0.3\"} --><\/p>","protected":false},"excerpt":{"rendered":"<p>World of Dance 24th of May 2026 Tickets Register stay tuned &#8230;to break barriers in dance, language, music, fashion and lifestyle. Thirteen years in the making, the World of Dance Championship Series has grown from a single event in Los Angeles to a globally renowned dance competition featuring the worlds best dance crews. With 30 [&hellip;]<\/p>","protected":false},"author":1,"featured_media":0,"parent":0,"menu_order":0,"comment_status":"open","ping_status":"open","template":"","meta":{"_acf_changed":false,"footnotes":""},"class_list":["post-1","page","type-page","status-publish","hentry"],"acf":[],"aioseo_notices":[],"_links":{"self":[{"href":"https:\/\/worldofdanceportugal.com\/pt\/wp-json\/wp\/v2\/pages\/1","targetHints":{"allow":["GET"]}}],"collection":[{"href":"https:\/\/worldofdanceportugal.com\/pt\/wp-json\/wp\/v2\/pages"}],"about":[{"href":"https:\/\/worldofdanceportugal.com\/pt\/wp-json\/wp\/v2\/types\/page"}],"author":[{"embeddable":true,"href":"https:\/\/worldofdanceportugal.com\/pt\/wp-json\/wp\/v2\/users\/1"}],"replies":[{"embeddable":true,"href":"https:\/\/worldofdanceportugal.com\/pt\/wp-json\/wp\/v2\/comments?post=1"}],"version-history":[{"count":301,"href":"https:\/\/worldofdanceportugal.com\/pt\/wp-json\/wp\/v2\/pages\/1\/revisions"}],"predecessor-version":[{"id":3463,"href":"https:\/\/worldofdanceportugal.com\/pt\/wp-json\/wp\/v2\/pages\/1\/revisions\/3463"}],"wp:attachment":[{"href":"https:\/\/worldofdanceportugal.com\/pt\/wp-json\/wp\/v2\/media?parent=1"}],"curies":[{"name":"wp","href":"https:\/\/api.w.org\/{rel}","templated":true}]}}