{"id":2086,"date":"2023-02-15T11:43:24","date_gmt":"2023-02-15T11:43:24","guid":{"rendered":"https:\/\/worldofdanceportugal.com\/?page_id=2086"},"modified":"2023-02-15T11:43:24","modified_gmt":"2023-02-15T11:43:24","slug":"privacy-policy","status":"publish","type":"page","link":"https:\/\/worldofdanceportugal.com\/pt\/privacy-policy\/","title":{"rendered":"Pol\u00edtica de Privacidade"},"content":{"rendered":"<h1>Privacy policy<\/h1>\n<div>\n<h3>Protec\u00e7\u00e3o de dados pessoais em conformidade com a LGPD<\/h3>\n<p>YOLO MOVEMENT SL, em aplica\u00e7\u00e3o da actual legisla\u00e7\u00e3o sobre a protec\u00e7\u00e3o de dados pessoais, informa que os dados pessoais recolhidos atrav\u00e9s dos formul\u00e1rios no website: worldofdanceportugal.com est\u00e3o inclu\u00eddos nos ficheiros automatizados espec\u00edficos dos utilizadores dos servi\u00e7os do YOLO MOVEMENT SL.<\/p>\n<p>O objectivo da recolha e tratamento automatizado de dados pessoais \u00e9 manter a rela\u00e7\u00e3o comercial e o desempenho de informa\u00e7\u00e3o, forma\u00e7\u00e3o, aconselhamento e outras actividades do YOLO MOVEMENT SL.<\/p>\n<p>Estes dados s\u00f3 ser\u00e3o transferidos para as entidades que sejam necess\u00e1rias para o \u00fanico fim de cumprir o referido prop\u00f3sito. cumprimento da finalidade acima referida.<\/p>\n<p>YOLO MOVEMENT SL toma as medidas necess\u00e1rias para garantir a seguran\u00e7a, integridade e confidencialidade dos dados em conformidade com as disposi\u00e7\u00f5es do Regulamento (UE) 2016\/679 do Parlamento Europeu e do Conselho de 27 de Abril de 2016 relativo \u00e0 protec\u00e7\u00e3o das pessoas singulares no que diz respeito ao tratamento de dados pessoais e \u00e0 livre circula\u00e7\u00e3o desses dados.<\/p>\n<p>O utilizador pode em qualquer momento exercer os seus direitos de acesso, oposi\u00e7\u00e3o, rectifica\u00e7\u00e3o e cancelamento\nreconhecido no Regulamento (UE) acima mencionado. Estes direitos podem ser exercidos pelo utilizador atrav\u00e9s do envio de um e-mail para: <a href=\"mailto:info@worldofdanceportugal.com\" target=\"_new\">info@worldofdanceportugal.com<\/a>.<\/p>\n<p>O utilizador declara que todos os dados por ele fornecidos s\u00e3o verdadeiros e correctos, e compromete-se a mant\u00ea-los actualizados, informando o actualizado, comunicando quaisquer altera\u00e7\u00f5es a <a href=\"mailto:info@worldofdanceportugal.com\" target=\"_new\">info@worldofdanceportugal.com<\/a>.<\/p>\n<h3>Finalidade do tratamento de dados pessoais:<\/h3>\n<h4>Para que fins processaremos os seus dados pessoais?<\/h4>\n<p>No YOLO MOVEMENT SL, processaremos os seus dados pessoais recolhidos atrav\u00e9s do Website: worldofdanceportugal.com, para os seguintes fins:<\/p>\n<ol>\n<li>\n<p>1. Em caso de contrata\u00e7\u00e3o dos bens e servi\u00e7os oferecidos atrav\u00e9s do worldofdanceportugal.com, para manter a rela\u00e7\u00e3o contratual, bem como a gest\u00e3o, administra\u00e7\u00e3o, informa\u00e7\u00e3o, presta\u00e7\u00e3o e melhoria do servi\u00e7o.<\/p>\n<\/li>\n<li>\n<p>2. Envio de informa\u00e7\u00f5es solicitadas atrav\u00e9s dos formul\u00e1rios fornecidos em worldofdanceportugal.com<\/p>\n<\/li>\n<li>\n<p>3. Enviar newsletters, assim como comunica\u00e7\u00f5es comerciais de promo\u00e7\u00f5es e\/ou publicidade do YOLO MOVEMENT SL e do sector.<\/p>\n<\/li>\n<\/ol>\n<p>Recordamos-lhe que pode opor-se ao envio de comunica\u00e7\u00f5es comerciais por qualquer meio e em qualquer altura, enviando um e-mail para o endere\u00e7o indicado acima.<\/p>\n<p>Os campos nestes registos devem ser preenchidos, e ser\u00e1 imposs\u00edvel realizar os objectivos expressos se estes dados n\u00e3o forem fornecidos.<\/p>\n<h3>Por quanto tempo ser\u00e3o conservados os dados pessoais recolhidos?<\/h3>\n<p>Os dados pessoais fornecidos ser\u00e3o mantidos enquanto a rela\u00e7\u00e3o comercial for mantida ou n\u00e3o for solicitado o seu apagamento e pelo per\u00edodo de tempo durante o qual as responsabilidades legais possam decorrer dos servi\u00e7os prestados.<\/p>\n<h3>Legitima\u00e7\u00e3o:<\/h3>\n<p>O processamento dos seus dados \u00e9 efectuado com base nas seguintes bases legais que legitimam o processamento:<\/p>\n<ol>\n<li>\n<p>1. O pedido de informa\u00e7\u00e3o e\/ou a contrata\u00e7\u00e3o dos servi\u00e7os da YOLO MOVEMENT SL, cujos termos e condi\u00e7\u00f5es ser\u00e3o colocados \u00e0 sua disposi\u00e7\u00e3o em qualquer caso, antes de qualquer eventual contrata\u00e7\u00e3o.<\/p>\n<\/li>\n<li>\n<p>2. Consentimento livre, espec\u00edfico, informado e inequ\u00edvoco, na medida em que o informarmos, colocando \u00e0 sua disposi\u00e7\u00e3o esta pol\u00edtica de privacidade, que ap\u00f3s a sua leitura, se concordar com ela, poder\u00e1 aceitar atrav\u00e9s de uma declara\u00e7\u00e3o ou de uma afirmativa clara, tal como assinalar uma caixa prevista para o efeito. para este fim.<\/p>\n<\/li>\n<\/ol>\n<p>Se n\u00e3o nos fornecer os seus dados ou se o fizer de forma incorrecta ou incompleta, n\u00e3o poderemos tratar do seu pedido, tornando completamente imposs\u00edvel fornecer-lhe as informa\u00e7\u00f5es solicitadas ou realizar a contrata\u00e7\u00e3o de servi\u00e7os.<\/p>\n<h3>Destinat\u00e1rios:<\/h3>\n<p>Os dados n\u00e3o ser\u00e3o comunicados a terceiros fora de YOLO MOVEMENT SL, a menos que legalmente obrigado a faz\u00ea-lo. Como processadores de dados, contrat\u00e1mos os seguintes prestadores de servi\u00e7os, comprometem-se a cumprir os regulamentos de protec\u00e7\u00e3o de dados aplic\u00e1veis no momento da sua contrata\u00e7\u00e3o:<\/p>\n<ul>\n<li>YOLO MOVEMENT SL, com sede social em Bellas Artes 4, NIF\/CIF n\u00ba B09846965, 50012 ZARAGOZA<\/li>\n<\/ul>\n<h3><span>Dados recolhidos pelos utilizadores dos servi\u00e7os<\/span><\/h3>\n<p><span> Nos casos em que o utilizador inclua ficheiros contendo dados pessoais nos servidores de alojamento partilhados, YOLO MOVEMENT SL n\u00e3o \u00e9 respons\u00e1vel pela n\u00e3o conformidade do utilizador com o RGPD. <\/span><\/p>\n<h3><span>Reten\u00e7\u00e3o de dados em conformidade com o LSSI <\/span><\/h3>\n<p><span>YOLO MOVEMENT SL informa que, como fornecedor de servi\u00e7os de alojamento de dados e em virtude das disposi\u00e7\u00f5es da Lei 34\/2002 de 11 de Julho de 2002 sobre Servi\u00e7os da Sociedade da Informa\u00e7\u00e3o e Com\u00e9rcio Electr\u00f3nico (LSSI), conserva por um per\u00edodo m\u00e1ximo de 12 meses as informa\u00e7\u00f5es necess\u00e1rias para identificar a origem dos dados alojados e o momento em que o servi\u00e7o foi iniciado. A reten\u00e7\u00e3o destes dados n\u00e3o afecta o segredo das comunica\u00e7\u00f5es e s\u00f3 pode ser utilizada no \u00e2mbito de uma investiga\u00e7\u00e3o criminal ou para a salvaguarda da seguran\u00e7a p\u00fablica, sendo disponibilizada aos ju\u00edzes e\/ou tribunais ou ao Minist\u00e9rio que assim o requeira. <\/span><\/p>\n<p><span>A comunica\u00e7\u00e3o de dados \u00e0s For\u00e7as e ao Corpo do Estado ser\u00e1 feita em conformidade com as disposi\u00e7\u00f5es dos regulamentos sobre protec\u00e7\u00e3o de dados pessoais. <\/span><\/p>\n<h3><span>Direitos de propriedade intelectual <\/span><\/h3>\n<p><span>YOLO MOVEMENT SL \u00e9 o propriet\u00e1rio de todos os direitos de autor, direitos de propriedade intelectual e industrial, know-how e quaisquer outros direitos relacionados com o conte\u00fado do website worldofdanceportugal.com e os servi\u00e7os a\u00ed oferecidos, bem como os programas necess\u00e1rios para a sua implementa\u00e7\u00e3o e informa\u00e7\u00e3o relacionada.<\/span><\/p>\n<p><span> A reprodu\u00e7\u00e3o, publica\u00e7\u00e3o e\/ou utiliza\u00e7\u00e3o do conte\u00fado, no todo ou em parte, do website worldfodanceportugal.com, excepto para uso privado, n\u00e3o \u00e9 permitida sem o consentimento pr\u00e9vio por escrito.<\/span><\/p>\n<h3>Propriedade intelectual de conte\u00fados alojados<\/h3>\n<p>A utiliza\u00e7\u00e3o contr\u00e1ria \u00e0 legisla\u00e7\u00e3o sobre propriedade intelectual dos servi\u00e7os prestados por YOLO MOVEMENT SL e, em particular:<\/p>\n<ul>\n<li>Utiliza\u00e7\u00e3o que seja contr\u00e1ria \u00e0 lei espanhola ou que infrinja os direitos de terceiros.<\/li>\n<li>A publica\u00e7\u00e3o ou transmiss\u00e3o de qualquer conte\u00fado que, na opini\u00e3o de YOLO MOVEMENT SL, seja violento, obsceno, abusivo, ilegal, racial, xen\u00f3fobo ou difamat\u00f3rio.<\/li>\n<li>Rachaduras, n\u00fameros de s\u00e9rie de programas ou qualquer outro conte\u00fado que infrinja os direitos de propriedade intelectual de terceiros.<\/li>\n<li>A recolha e\/ou utiliza\u00e7\u00e3o de dados pessoais de outros utilizadores sem o seu consentimento expresso ou em viola\u00e7\u00e3o das disposi\u00e7\u00f5es do Regulamento (UE) 2016\/679 do Parlamento Europeu e do Conselho de 27 de Abril de 2016 relativo \u00e0 protec\u00e7\u00e3o das pessoas singulares no que diz respeito ao tratamento de dados pessoais e \u00e0 livre circula\u00e7\u00e3o desses dados.<\/li>\n<li>A utiliza\u00e7\u00e3o do servidor de correio do dom\u00ednio e dos endere\u00e7os de correio electr\u00f3nico para o envio de spam.<\/li>\n<\/ul>\n<p>O utilizador \u00e9 totalmente respons\u00e1vel pelo conte\u00fado do seu s\u00edtio web, pelas informa\u00e7\u00f5es transmitidas e armazenadas, liga\u00e7\u00f5es de hipertexto, reivindica\u00e7\u00f5es de terceiros e a protec\u00e7\u00e3o de menores.<\/p>\n<p>O utilizador \u00e9 respons\u00e1vel no que respeita \u00e0s leis e regulamentos em vigor e \u00e0s regras que t\u00eam a ver com o funcionamento do servi\u00e7o em linha, com\u00e9rcio electr\u00f3nico, direitos de autor, manuten\u00e7\u00e3o da ordem p\u00fablica, bem como princ\u00edpios universais de utiliza\u00e7\u00e3o da Internet.<\/p>\n<p>O utilizador dever\u00e1 indemnizar o YOLO MOVEMENT SL pelos custos gerados pela imputa\u00e7\u00e3o do YOLO MOVEMENT SL em qualquer causa cuja responsabilidade seja imput\u00e1vel ao utilizador, incluindo\ntaxas e despesas de defesa jur\u00eddica, mesmo no caso de uma decis\u00e3o judicial n\u00e3o final.<\/p>\n<h3><span>Protec\u00e7\u00e3o de informa\u00e7\u00e3o alojada <\/span><\/h3>\n<p><span>YOLO MOVEMENT SL faz c\u00f3pias de seguran\u00e7a do conte\u00fado alojado nos seus servidores, no entanto, n\u00e3o \u00e9 respons\u00e1vel pela perda ou elimina\u00e7\u00e3o acidental de dados pelos utilizadores. Do mesmo modo, n\u00e3o garante a substitui\u00e7\u00e3o total dos dados apagados pelos utilizadores, uma vez que os dados acima mencionados podem ter sido apagados e\/ou modificados durante o per\u00edodo de tempo que decorreu desde a \u00faltima c\u00f3pia de seguran\u00e7a. <\/span><\/p>\n<p><span>Os servi\u00e7os oferecidos, com excep\u00e7\u00e3o de servi\u00e7os espec\u00edficos de c\u00f3pia de seguran\u00e7a, n\u00e3o incluem a substitui\u00e7\u00e3o do conte\u00fado\npreservados nas c\u00f3pias de seguran\u00e7a feitas pela YOLO MOVEMENT SL, quando esta perda for imput\u00e1vel ao utilizador; neste caso, ser\u00e1 determinada uma taxa de acordo com a complexidade e volume da recupera\u00e7\u00e3o, sempre com a pr\u00e9via aceita\u00e7\u00e3o do utilizador. <\/span><\/p>\n<p><span>A substitui\u00e7\u00e3o dos dados apagados s\u00f3 \u00e9 inclu\u00edda no pre\u00e7o do servi\u00e7o quando a perda de conte\u00fado for devida a causas atribu\u00edveis a YOLO MOVEMENT SL.<\/span><\/p>\n<h3>Comunica\u00e7\u00f5es comerciais<\/h3>\n<p>Em aplica\u00e7\u00e3o do LSSI. YOLO MOVEMENT SL n\u00e3o enviar\u00e1 comunica\u00e7\u00f5es publicit\u00e1rias ou promocionais por correio electr\u00f3nico ou qualquer outro meio equivalente de comunica\u00e7\u00e3o electr\u00f3nica que n\u00e3o tenham sido previamente solicitadas ou expressamente autorizadas pelos destinat\u00e1rios das mesmas.<\/p>\n<p>No caso de utilizadores com os quais exista uma rela\u00e7\u00e3o contratual pr\u00e9via, YOLO MOVEMENT SL est\u00e1 autorizado a enviar comunica\u00e7\u00f5es comerciais relativas a produtos ou servi\u00e7os de YOLO MOVEMENT SL que sejam semelhantes aos que foram inicialmente contratados com o cliente.<\/p>\n<p>Em qualquer caso, o utilizador, ap\u00f3s provar a sua identidade, pode solicitar que nenhuma outra informa\u00e7\u00e3o comercial lhe seja enviada atrav\u00e9s dos canais de Atendimento ao Cliente.<\/p>\n<\/div>\n<p><!--more--><br \/>\n<!-- {\"type\":\"layout\",\"children\":[{\"type\":\"section\",\"props\":{\"style\":\"default\",\"width\":\"default\",\"vertical_align\":\"middle\",\"title_position\":\"top-left\",\"title_rotation\":\"left\",\"title_breakpoint\":\"xl\",\"image_position\":\"center-center\"},\"children\":[{\"type\":\"row\",\"children\":[{\"type\":\"column\",\"props\":{\"position_sticky_breakpoint\":\"m\",\"image_position\":\"center-center\",\"media_overlay_gradient\":\"\"},\"children\":[{\"type\":\"headline\",\"props\":{\"title_element\":\"h1\",\"content\":\"Privacy policy\",\"title_style\":\"heading-small\",\"text_align\":\"center\"}}]}]}]},{\"type\":\"section\",\"props\":{\"style\":\"default\",\"width\":\"default\",\"vertical_align\":\"middle\",\"title_position\":\"top-left\",\"title_rotation\":\"left\",\"title_breakpoint\":\"xl\",\"image_position\":\"center-center\",\"css\":\".el-section {\\n\\tbackground: white;\\n    color: black;\\n}\\n\\na {\\n\\tcolor: #2A9559;\\n}\\n\\nh3, h4 {\\n\\tcolor: black;\\n}\"},\"children\":[{\"type\":\"row\",\"children\":[{\"type\":\"column\",\"props\":{\"position_sticky_breakpoint\":\"m\",\"image_position\":\"center-center\",\"media_overlay_gradient\":\"\"},\"children\":[{\"type\":\"text\",\"props\":{\"margin\":\"default\",\"column_breakpoint\":\"m\",\"content\":\"\n\n<h3>Protection of personal data according to the LOPD<\\\/h3>\\n\n\n<p>YOLO MOVEMENT SL, in compliance with current regulations regarding the protection of personal data, informs that the personal data collected through the forms on the website worldofdanceportugal.com are included in specific automated files of users of YOLO MOVEMENT SL's services.<\\\/p>\\n\n\n<p>The collection and automated processing of personal data is intended for maintaining the commercial relationship and carrying out tasks of information, training, advice, and other activities specific to YOLO MOVEMENT SL.<\\\/p>\\n\n\n<p>These data will only be disclosed to entities that are necessary to fulfill the aforementioned purpose.<\\\/p>\\n\n\n<p>YOLO MOVEMENT SL takes the necessary measures to ensure the security, integrity, and confidentiality of data in accordance with Regulation (EU) 2016\\\/679 of the European Parliament and of the Council of 27 April 2016 on the protection of natural persons with regard to the processing of personal data and on the free movement of such data.<\\\/p>\\n\n\n<p>The user may exercise the rights of access, opposition, rectification, and cancellation recognized in the aforementioned Regulation (EU) at any time. The user may exercise these rights by email at: <a href=\\\"mailto:info@worldofdanceportugal.com\\\" target=\\\"_new\\\">info@worldofdanceportugal.com<\\\/a>.<\\\/p>\\n\n\n<p>The user declares that all data provided by them are true and correct, and undertakes to keep them updated by communicating any changes to <a href=\\\"mailto:info@worldofdanceportugal.com\\\" target=\\\"_new\\\">info@worldofdanceportugal.com<\\\/a>.<\\\/p>\\n\n\n<h3>Purpose of personal data processing:<\\\/h3>\\n\n\n<h4>For what purpose will we process your personal data?<\\\/h4>\\n\n\n<p>At YOLO MOVEMENT SL, we will process the personal data collected through the website worldofdanceportugal.com for the following purposes:<\\\/p>\\n\n\n<ol>\\n\n\n<li>\\n\n\n<p>In the event of contracting the goods and services offered through worldofdanceportugal.com, to maintain the contractual relationship, as well as the management, administration, information, provision, and improvement of the service.<\\\/p>\\n<\\\/li>\\n\n\n<li>\\n\n\n<p>Sending requested information through the forms available on worldofdanceportugal.com.<\\\/p>\\n<\\\/li>\\n\n\n<li>\\n\n\n<p>Sending newsletters, as well as commercial communications regarding promotions and\\\/or advertising from YOLO MOVEMENT SL and the sector.<\\\/p>\\n<\\\/li>\\n<\\\/ol>\\n\n\n<p>Please note that you can oppose the sending of commercial communications by any means and at any time by sending an email to the address indicated above.<\\\/p>\\n\n\n<p>The fields in these records are mandatory to complete, and it is impossible to achieve the stated purposes if these data are not provided.<\\\/p>\\n\n\n<h3>How long will the collected personal data be kept?<\\\/h3>\\n\n\n<p>The provided personal data will be kept as long as the commercial relationship is maintained, or you do not request their deletion and during the period in which legal responsibilities may arise from the services provided.<\\\/p>\\n\n\n<h3>Legitimation:<\\\/h3>\\n\n\n<p>The processing of your data is carried out with the following legal bases that legitimize it:<\\\/p>\\n\n\n<ol>\\n\n\n<li>\\n\n\n<p>The request for information and\\\/or the hiring of the services of YOLO MOVEMENT SL, whose terms and conditions will be made available to you in any case, prior to any eventual hiring.<\\\/p>\\n<\\\/li>\\n\n\n<li>\\n\n\n<p>The free, specific, informed and unequivocal consent, since we inform you by making this privacy policy available to you, and after reading it, if you agree, you can accept it through a declaration or a clear affirmative action, such as checking a box.<\\\/p>\\n<\\\/li>\\n<\\\/ol>\\n\n\n<p>If you do not provide us with your data or do so incorrectly or incompletely, we will not be able to attend to your request, and it will be impossible to provide you with the requested information or carry out the hiring of services.<\\\/p>\\n\n\n<h3>Recipients:<\\\/h3>\\n\n\n<p>The data will not be communicated to any third party outside of YOLO MOVEMENT SL, except for legal obligation. As data processors, we have hired the following service providers, who have committed to compliance with the legal provisions applicable in data protection matters at the time of their hiring:<\\\/p>\\n\n\n<ul>\\n\n\n<li>YOLO MOVEMENT SL, with registered address at Bellas Artes 4, NIF\\\/CIF B09846965, 50012 ZARAGOZA.<\\\/li>\\n<\\\/ul>\\n\n\n<h3><span>Data collected by users of the services<\\\/span><\\\/h3>\\n\n\n<p><span> In cases where the user includes files with personal data on shared hosting servers, YOLO MOVEMENT SL is not responsible for the user's non-compliance with the GDPR. <\\\/span><\\\/p>\\n\n\n<h3><span>Data retention in accordance with the LSSI <\\\/span><\\\/h3>\\n\n\n<p><span>YOLO MOVEMENT SL informs that, as a data hosting service provider and in accordance with the provisions of Law 34\\\/2002 of 11 July on Information Society Services and Electronic Commerce (LSSI), it retains for a maximum period of 12 months the information necessary to identify the origin of the hosted data and the start of the service provision. The retention of this data does not affect the confidentiality of communications and can only be used in the context of a criminal investigation or for the safeguarding of public security, and made available to judges and\\\/or courts or to the Ministry that so requires it. <\\\/span><\\\/p>\\n\n\n<p><span>The communication of data to the State Security Forces and Corps will be made in accordance with the regulations on personal data protection. <\\\/span><\\\/p>\\n\n\n<h3><span>Intellectual property rights <\\\/span><\\\/h3>\\n\n\n<p><span>YOLO MOVEMENT SL is the owner of all copyright, intellectual property, industrial, \\\"know-how\\\" and all other rights related to the contents of the website worldofdanceportugal.com and the services offered therein, as well as the programs necessary for its implementation and related information.<\\\/span><\\\/p>\\n\n\n<p><span> The reproduction, publication, and\\\/or non-strictly private use of the contents, total or partial, of the website worldofdanceportugal.com without prior written consent is not allowed.<\\\/span><\\\/p>\\n\n\n<h3>Intellectual property of hosted content<\\\/h3>\\n\n\n<p>The use contrary to the legislation on intellectual property of the services provided by YOLO MOVEMENT SL is prohibited, and in particular:<\\\/p>\\n\n\n<ul>\\n\n\n<li>Use that is contrary to Spanish laws or that infringes the rights of third parties.<\\\/li>\\n\n\n<li>The publication or transmission of any content that, in the opinion of YOLO MOVEMENT SL, is violent, obscene, abusive, illegal, racial, xenophobic or defamatory.<\\\/li>\\n\n\n<li>Cracks, program serial numbers or any other content that violates the intellectual property rights of third parties.<\\\/li>\\n\n\n<li>The collection and\\\/or use of personal data of other users without their express consent or in contravention of the provisions of Regulation (EU) 2016\\\/679 of the European Parliament and of the Council, of April 27, 2016, relating to the protection of individuals with regard to the processing of personal data and the free movement of such data.<\\\/li>\\n\n\n<li>The use of the domain's mail server and email addresses for sending unwanted mass mail.<\\\/li>\\n<\\\/ul>\\n\n\n<p>The user is fully responsible for the content of their website, the information transmitted and stored, the hypertext links, the claims of third parties, and legal actions in reference to intellectual property, third-party rights, and protection of minors.<\\\/p>\\n\n\n<p>The user is responsible for compliance with current laws and regulations and the rules related to the operation of the online service, e-commerce, copyright, maintenance of public order, as well as universal principles for the use of the Internet.<\\\/p>\\n\n\n<p>The user will indemnify YOLO MOVEMENT SL for the expenses generated by the imputation of YOLO MOVEMENT SL in any cause whose responsibility could be attributable to the user, including legal fees and defense expenses, even in the case of a non-definitive judicial decision.<\\\/p>\\n\n\n<h3><span>Protection of the hosted information <\\\/span><\\\/h3>\\n\n\n<p><span>YOLO MOVEMENT SL makes backup copies of the content hosted on its servers; however, it is not responsible for the loss or accidental deletion of data by users. Likewise, it does not guarantee the complete replacement of deleted data by users, as this data may have been deleted and\\\/or modified during the period of time since the last backup. <\\\/span><\\\/p>\\n\n\n<p><span>The services offered, except for specific backup services, do not include the replacement of content stored in backup copies made by YOLO MOVEMENT SL when this loss is attributable to the user. In this case, a fee will be determined based on the complexity and volume of the recovery, always subject to user acceptance. <\\\/span><\\\/p>\\n\n\n<p><span>The replacement of deleted data is only included in the service price when the loss of content is due to causes attributable to YOLO MOVEMENT SL.<\\\/span><\\\/p>\\n\n\n<h3>Commercial Communications<\\\/h3>\\n\n\n<p>In accordance with the LSSI, YOLO MOVEMENT SL will not send advertising or promotional communications via email or other equivalent electronic communication means that have not been previously requested or expressly authorized by the recipients.<\\\/p>\\n\n\n<p>In the case of users with whom there is a prior contractual relationship, YOLO MOVEMENT SL is authorized to send commercial communications related to products or services of YOLO MOVEMENT SL that are similar to those initially contracted with the customer.<\\\/p>\\n\n\n<p>In any case, the user, after verifying their identity, may request that no further commercial information be sent to them through the customer service channels.<\\\/p>\",\"maxwidth\":\"2xlarge\",\"block_align\":\"center\"}}]}]}]}],\"version\":\"3.0.3\"} --><\/p>","protected":false},"excerpt":{"rendered":"<p>Privacy policy Protection of personal data according to the LOPD YOLO MOVEMENT SL, in compliance with current regulations regarding the protection of personal data, informs that the personal data collected through the forms on the website worldofdanceportugal.com are included in specific automated files of users of YOLO MOVEMENT SL&#8217;s services. The collection and automated processing [&hellip;]<\/p>","protected":false},"author":1,"featured_media":0,"parent":0,"menu_order":0,"comment_status":"closed","ping_status":"closed","template":"","meta":{"_acf_changed":false,"footnotes":""},"class_list":["post-2086","page","type-page","status-publish","hentry"],"acf":[],"aioseo_notices":[],"_links":{"self":[{"href":"https:\/\/worldofdanceportugal.com\/pt\/wp-json\/wp\/v2\/pages\/2086","targetHints":{"allow":["GET"]}}],"collection":[{"href":"https:\/\/worldofdanceportugal.com\/pt\/wp-json\/wp\/v2\/pages"}],"about":[{"href":"https:\/\/worldofdanceportugal.com\/pt\/wp-json\/wp\/v2\/types\/page"}],"author":[{"embeddable":true,"href":"https:\/\/worldofdanceportugal.com\/pt\/wp-json\/wp\/v2\/users\/1"}],"replies":[{"embeddable":true,"href":"https:\/\/worldofdanceportugal.com\/pt\/wp-json\/wp\/v2\/comments?post=2086"}],"version-history":[{"count":10,"href":"https:\/\/worldofdanceportugal.com\/pt\/wp-json\/wp\/v2\/pages\/2086\/revisions"}],"predecessor-version":[{"id":2096,"href":"https:\/\/worldofdanceportugal.com\/pt\/wp-json\/wp\/v2\/pages\/2086\/revisions\/2096"}],"wp:attachment":[{"href":"https:\/\/worldofdanceportugal.com\/pt\/wp-json\/wp\/v2\/media?parent=2086"}],"curies":[{"name":"wp","href":"https:\/\/api.w.org\/{rel}","templated":true}]}}