{"id":2097,"date":"2023-02-15T11:57:50","date_gmt":"2023-02-15T11:57:50","guid":{"rendered":"https:\/\/worldofdanceportugal.com\/?page_id=2097"},"modified":"2023-02-15T11:57:50","modified_gmt":"2023-02-15T11:57:50","slug":"cookies-policy","status":"publish","type":"page","link":"https:\/\/worldofdanceportugal.com\/pt\/cookies-policy\/","title":{"rendered":"Pol\u00edtica de Cookies"},"content":{"rendered":"<h1>Pol\u00edtica de Cookies<\/h1>\n<div>\n<p><span>YOLO MOVEMENT SL informa sobre a utiliza\u00e7\u00e3o de cookies no seu s\u00edtio web: <\/span><a href=\"https:\/\/worldofdanceportugal.com\/pt\/\" target=\"_new\">www.worldofdanceportugal.com<\/a><span> <\/span><\/p>\n<h3><span>O QUE S\u00c3O COOKIES? <\/span><\/h3>\n<p><span>Os cookies s\u00e3o ficheiros que podem ser descarregados no seu computador atrav\u00e9s de p\u00e1ginas web. S\u00e3o ferramentas que desempenham um papel essencial na presta\u00e7\u00e3o de numerosos servi\u00e7os da sociedade da informa\u00e7\u00e3o. Entre outras coisas, permitem a uma p\u00e1gina web armazenar e recuperar informa\u00e7\u00f5es sobre os h\u00e1bitos de navega\u00e7\u00e3o de um utilizador ou o seu computador, e dependendo da informa\u00e7\u00e3o obtida, podem ser utilizados para reconhecer o utilizador e melhorar o servi\u00e7o oferecido. <\/span><\/p>\n<h3><span>TIPOS DE COOKIES <\/span><\/h3>\n<p><span>Dependendo de quem gere o dom\u00ednio de onde os cookies s\u00e3o enviados e processa os dados obtidos, dois tipos podem ser distinguidos: <\/span><\/p>\n<ul>\n<li><span>Os cookies de primeira m\u00e3o: aqueles que s\u00e3o enviados para o equipamento terminal do utilizador a partir de um computador ou dom\u00ednio gerido pelo pr\u00f3prio editor e a partir do qual o servi\u00e7o solicitado \u00e9 fornecido pelo utilizador. <\/span><\/li>\n<li><span>Cookies de terceiros: os que s\u00e3o enviados para o equipamento terminal do utilizador a partir de um computador ou dom\u00ednio n\u00e3o gerido pelo editor, mas por outra entidade que processa os dados obtidos atrav\u00e9s dos cookies. <\/span><\/li>\n<\/ul>\n<p><span>Caso os cookies sejam instalados a partir de um computador ou dom\u00ednio gerido pelo pr\u00f3prio editor, mas a informa\u00e7\u00e3o recolhida atrav\u00e9s deles seja gerida por um terceiro, n\u00e3o podem ser considerados como cookies de primeira parte. <\/span><\/p>\n<p><span>Existe tamb\u00e9m uma segunda classifica\u00e7\u00e3o de acordo com o per\u00edodo de tempo em que permanecem armazenados no browser do cliente, que pode ser: <\/span><\/p>\n<ul>\n<li><span>Cookies de sess\u00e3o: concebidos para recolher e armazenar dados enquanto o utilizador acede a uma p\u00e1gina web. S\u00e3o normalmente utilizados para armazenar informa\u00e7\u00e3o que s\u00f3 interessa guardar para a presta\u00e7\u00e3o do servi\u00e7o solicitado pelo utilizador numa \u00fanica ocasi\u00e3o (por exemplo, uma lista de produtos comprados). <\/span><\/li>\n<li><span>Cookies persistentes: os dados permanecem armazenados no dispositivo e podem ser acedidos e processados durante um per\u00edodo definido pelo controlador do cookie, que pode variar de alguns minutos a v\u00e1rios anos.<\/span><\/li>\n<\/ul>\n<p>Finalmente, existe outra classifica\u00e7\u00e3o com cinco tipos de cookies com base na finalidade para a qual os dados obtidos s\u00e3o processados:<\/p>\n<ul>\n<li>Cookies t\u00e9cnicos: aqueles que permitem ao utilizador navegar por uma p\u00e1gina web, plataforma ou aplica\u00e7\u00e3o e utilizar as diferentes op\u00e7\u00f5es ou servi\u00e7os existentes, tais como controlar o tr\u00e1fego e a comunica\u00e7\u00e3o de dados, identificar a sess\u00e3o, aceder \u00e0s partes de acesso restrito, recordar os artigos que comp\u00f5em uma encomenda, realizar o processo de compra de uma encomenda, fazer o pedido de registo ou participa\u00e7\u00e3o num evento, utilizar elementos de seguran\u00e7a durante a navega\u00e7\u00e3o, armazenar conte\u00fados para a difus\u00e3o de v\u00eddeos ou som ou partilhar conte\u00fados atrav\u00e9s de redes sociais.<\/li>\n<li>Cookies de personaliza\u00e7\u00e3o: permitem ao utilizador aceder ao servi\u00e7o com determinadas caracter\u00edsticas gerais pr\u00e9-definidas com base numa s\u00e9rie de crit\u00e9rios no terminal do utilizador, tais como a l\u00edngua, o tipo de navegador atrav\u00e9s do qual acede ao servi\u00e7o, a configura\u00e7\u00e3o regional a partir da qual acede ao servi\u00e7o, etc.<\/li>\n<li>Cookies anal\u00edticos: permitem \u00e0 entidade respons\u00e1vel por eles rastrear e analisar o comportamento dos utilizadores dos s\u00edtios Web a que est\u00e3o ligados. As informa\u00e7\u00f5es recolhidas atrav\u00e9s deste tipo de cookies s\u00e3o utilizadas para medir a actividade dos s\u00edtios, aplica\u00e7\u00f5es ou plataformas, e para criar perfis de navega\u00e7\u00e3o dos utilizadores de tais s\u00edtios, aplica\u00e7\u00f5es e plataformas, a fim de introduzir melhorias baseadas na an\u00e1lise dos dados de utiliza\u00e7\u00e3o feita pelos utilizadores do servi\u00e7o.<\/li>\n<li>Cookies publicit\u00e1rios: permitem a gest\u00e3o mais eficiente dos espa\u00e7os publicit\u00e1rios.<\/li>\n<li>Cookies de publicidade comportamental: armazenar informa\u00e7\u00e3o sobre o comportamento dos utilizadores obtida atrav\u00e9s da observa\u00e7\u00e3o cont\u00ednua dos seus h\u00e1bitos de navega\u00e7\u00e3o, o que permite o desenvolvimento de um perfil espec\u00edfico para mostrar publicidade com base nele.<\/li>\n<li>Cookies sociais externos: utilizados para que os visitantes possam interagir com o conte\u00fado de diferentes plataformas sociais (Facebook, YouTube, Twitter, LinkedIn, etc.) e s\u00e3o gerados apenas para os utilizadores dessas redes sociais. As condi\u00e7\u00f5es de utiliza\u00e7\u00e3o destes cookies e as informa\u00e7\u00f5es recolhidas s\u00e3o reguladas pela pol\u00edtica de privacidade da plataforma social correspondente.<\/li>\n<\/ul>\n<h3>DESACTIVA\u00c7\u00c3O E ELIMINA\u00c7\u00c3O DE COOKIES<\/h3>\n<p>Tem a op\u00e7\u00e3o de permitir, bloquear ou eliminar cookies instalados no seu computador, configurando as op\u00e7\u00f5es do navegador instalado no seu computador. Desactivando os cookies, alguns dos servi\u00e7os dispon\u00edveis podem deixar de funcionar. A forma de desactivar os cookies \u00e9 diferente para cada navegador, mas normalmente pode ser feita a partir do menu Ferramentas ou Op\u00e7\u00f5es. Pode tamb\u00e9m consultar o menu Ajuda do navegador, onde pode encontrar instru\u00e7\u00f5es. O utilizador pode escolher em qualquer altura quais os cookies que deseja trabalhar neste s\u00edtio web.<\/p>\n<p>Pode permitir, bloquear ou eliminar cookies instalados no seu computador, configurando as op\u00e7\u00f5es do navegador instalado no seu computador:<\/p>\n<ul>\n<li>Microsoft Internet Explorer ou Microsoft Edge: <a href=\"http:\/\/windows.microsoft.com\/es-es\/windows-vista\/Block-or-allow-cookies\" target=\"_new\">http:\/\/windows.microsoft.com\/es-es\/windows-vista\/Block-or-allow-cookies<\/a><\/li>\n<li>Mozilla Firefox: <a href=\"http:\/\/support.mozilla.org\/es\/kb\/impedir-que-los-sitios-web-guarden-sus-preferencia\" target=\"_new\">http:\/\/support.mozilla.org\/es\/kb\/impedir-que-los-sitios-web-guarden-sus-preferencia<\/a><\/li>\n<li>Chrome: <a href=\"https:\/\/support.google.com\/accounts\/answer\/61416?hl=es\" target=\"_new\">https:\/\/support.google.com\/accounts\/answer\/61416?hl=es<\/a><\/li>\n<li>Safari: <a href=\"http:\/\/safari.helpmax.net\/es\/privacidad-y-seguridad\/como-gestionar-las-cookies\/\" target=\"_new\">http:\/\/safari.helpmax.net\/es\/privacidad-y-seguridad\/como-gestionar-las-cookies\/<\/a> \u2022 Opera: <a href=\"http:\/\/help.opera.com\/Linux\/10.60\/es-ES\/cookies.html\" target=\"_new\">http:\/\/help.opera.com\/Linux\/10.60\/es-ES\/cookies.html<\/a><\/li>\n<\/ul>\n<p>Al\u00e9m disso, tamb\u00e9m pode gerir a loja de cookies no seu navegador atrav\u00e9s de ferramentas como as seguintes:<\/p>\n<ul>\n<li>Ghostery: <a href=\"http:\/\/www.ghostery.com\/\" target=\"_new\">www.ghostery.com\/<\/a>\u00a0<\/li>\n<li>Your online choices: <a href=\"http:\/\/www.youronlinechoices.com\/es\/\" target=\"_new\">www.youronlinechoices.com\/es\/<\/a><\/li>\n<\/ul>\n<h3>COOKIES UTILIZADOS EM <a href=\"http:\/\/www.miweb.es\/\" target=\"_new\">www.miweb.es<\/a><\/h3>\n<p>Abaixo est\u00e3o os cookies utilizados neste portal, bem como a sua tipologia e fun\u00e7\u00e3o:<\/p>\n<h3>ACEITA\u00c7\u00c3O DA POL\u00cdTICA DOS COOKIES<\/h3>\n<p><a href=\"https:\/\/worldofdanceportugal.com\/pt\/\" target=\"_new\">www.worldofdanceportugal.com<\/a> assume que aceita a utiliza\u00e7\u00e3o de cookies. No entanto, a informa\u00e7\u00e3o sobre a sua pol\u00edtica de cookies \u00e9 apresentada na parte inferior ou superior de qualquer p\u00e1gina do portal com cada login, para que esteja ciente.<\/p>\n<p>Com esta informa\u00e7\u00e3o, as seguintes ac\u00e7\u00f5es podem ser levadas a cabo:<\/p>\n<ul>\n<li>Aceitar os cookies. Este aviso n\u00e3o ser\u00e1 novamente exibido ao aceder a qualquer p\u00e1gina do portal durante a sess\u00e3o em curso.<\/li>\n<li>Aceitar os cookies. Este aviso n\u00e3o ser\u00e1 novamente exibido ao aceder a qualquer p\u00e1gina do portal durante a sess\u00e3o em curso.<\/li>\n<li>Modificar as suas defini\u00e7\u00f5es. Pode obter mais informa\u00e7\u00f5es sobre o que s\u00e3o cookies, conhecer a pol\u00edtica de cookies de <a href=\"https:\/\/worldofdanceportugal.com\/pt\/\" target=\"_new\">www.worldofdanceportugal.com<\/a> e modificar as defini\u00e7\u00f5es do seu navegador.<\/li>\n<\/ul>\n<\/div>\n<p><!--more--><br \/>\n<!-- {\"type\":\"layout\",\"children\":[{\"type\":\"section\",\"props\":{\"style\":\"default\",\"width\":\"default\",\"vertical_align\":\"middle\",\"title_position\":\"top-left\",\"title_rotation\":\"left\",\"title_breakpoint\":\"xl\",\"image_position\":\"center-center\"},\"children\":[{\"type\":\"row\",\"children\":[{\"type\":\"column\",\"props\":{\"position_sticky_breakpoint\":\"m\",\"image_position\":\"center-center\",\"media_overlay_gradient\":\"\"},\"children\":[{\"type\":\"headline\",\"props\":{\"title_element\":\"h1\",\"content\":\"Cookies policy\",\"title_style\":\"heading-small\",\"text_align\":\"center\"}}]}]}]},{\"type\":\"section\",\"props\":{\"style\":\"default\",\"width\":\"default\",\"vertical_align\":\"middle\",\"title_position\":\"top-left\",\"title_rotation\":\"left\",\"title_breakpoint\":\"xl\",\"image_position\":\"center-center\",\"css\":\".el-section {\\n\\tbackground: white;\\n    color: black;\\n}\\n\\na {\\n\\tcolor: #2A9559;\\n}\\n\\nh3, h4 {\\n\\tcolor: black;\\n}\"},\"children\":[{\"type\":\"row\",\"children\":[{\"type\":\"column\",\"props\":{\"position_sticky_breakpoint\":\"m\",\"image_position\":\"center-center\",\"media_overlay_gradient\":\"\"},\"children\":[{\"type\":\"text\",\"props\":{\"margin\":\"default\",\"column_breakpoint\":\"m\",\"content\":\"\n\n<p><span>YOLO MOVEMENT SL informs about the use of cookies on its website: <\\\/span><a href=\\\"https:\\\/\\\/worldofdanceportugal.com\\\/\\\" target=\\\"_new\\\">www.worldofdanceportugal.com<\\\/a><span> <\\\/span><\\\/p>\\n\n\n<h3><span>What are cookies? <\\\/span><\\\/h3>\\n\n\n<p><span>Cookies are files that can be downloaded on your computer through web pages. They are tools that play an essential role in providing numerous services of the information society. Among other things, they allow a web page to store and retrieve information about a user's browsing habits or their computer, and depending on the information obtained, they can be used to recognize the user and improve the service offered. <\\\/span><\\\/p>\\n\n\n<h3><span>Types of cookies <\\\/span><\\\/h3>\\n\n\n<p><span>Depending on who manages the domain from where the cookies are sent and processes the data obtained, two types can be distinguished: <\\\/span><\\\/p>\\n\n\n<ul>\\n\n\n<li><span>First-party cookies: those that are sent to the user's terminal equipment from a computer or domain managed by the editor itself and from which the requested service is provided by the user. <\\\/span><\\\/li>\\n\n\n<li><span>Third-party cookies: those that are sent to the user's terminal equipment from a computer or domain that is not managed by the editor, but by another entity that processes the data obtained through the cookies. <\\\/span><\\\/li>\\n<\\\/ul>\\n\n\n<p><span>In the event that cookies are installed from a computer or domain managed by the editor itself but the information collected through them is managed by a third party, they cannot be considered as first-party cookies. <\\\/span><\\\/p>\\n\n\n<p><span>There is also a second classification according to the period of time they remain stored in the client's browser, which can be: <\\\/span><\\\/p>\\n\n\n<ul>\\n\n\n<li><span>Session cookies: designed to collect and store data while the user accesses a web page. They are usually used to store information that is only of interest to keep for the provision of the service requested by the user on a single occasion (e.g. a list of purchased products). <\\\/span><\\\/li>\\n\n\n<li><span>Persistent cookies: the data remains stored on the device and can be accessed and processed for a period defined by the cookie's controller, which can range from a few minutes to several years.<\\\/span><\\\/li>\\n<\\\/ul>\\n\n\n<p>Finally, there is another classification with five types of cookies based on the purpose for which the obtained data is processed:<\\\/p>\\n\n\n<ul>\\n\n\n<li>Technical cookies: those that allow the user to navigate through a web page, platform or application and use the different options or services that exist, such as controlling traffic and data communication, identifying the session, accessing restricted access parts, remembering the items that make up an order, carrying out the purchase process of an order, making the request for registration or participation in an event, using security elements during navigation, storing contents for the dissemination of videos or sound or sharing contents through social networks.<\\\/li>\\n\n\n<li>Personalization cookies: allow the user to access the service with certain pre-defined general characteristics based on a series of criteria on the user's terminal, such as the language, the type of browser through which they access the service, the regional configuration from which they access the service, etc.<\\\/li>\\n\n\n<li>Analytical cookies: allow the entity responsible for them to track and analyze the behavior of users of the websites to which they are linked. The information collected through this type of cookies is used to measure the activity of websites, applications or platforms, and to create browsing profiles of users of such sites, applications and platforms, in order to introduce improvements based on the analysis of the usage data made by users of the service.<\\\/li>\\n\n\n<li>Advertising cookies: allow the most efficient management of advertising spaces.<\\\/li>\\n\n\n<li>Behavioral advertising cookies: store information on the behavior of users obtained through the continuous observation of their browsing habits, which allows for the development of a specific profile to show advertising based on it.<\\\/li>\\n\n\n<li>External social media cookies: used so that visitors can interact with the content of different social platforms (Facebook, YouTube, Twitter, LinkedIn, etc.) and are generated only for users of those social networks. The conditions of use of these cookies and the information collected are regulated by the corresponding social platform's privacy policy.<\\\/li>\\n<\\\/ul>\\n\n\n<h3>Disabling and deleting cookies<\\\/h3>\\n\n\n<p>You have the option to allow, block, or delete cookies installed on your computer by configuring the options of the browser installed on your computer. By deactivating cookies, some of the available services may stop working. The way to disable cookies is different for each browser, but it can usually be done from the Tools or Options menu. You can also consult the browser's Help menu, where you can find instructions. The user can choose at any time which cookies they want to work on this website.<\\\/p>\\n\n\n<p>You can allow, block or delete cookies installed on your computer by configuring the options of the browser installed on your computer:<\\\/p>\\n\n\n<ul>\\n\n\n<li>Microsoft Internet Explorer or Microsoft Edge: <a href=\\\"http:\\\/\\\/windows.microsoft.com\\\/es-es\\\/windows-vista\\\/Block-or-allow-cookies\\\" target=\\\"_new\\\">http:\\\/\\\/windows.microsoft.com\\\/es-es\\\/windows-vista\\\/Block-or-allow-cookies<\\\/a><\\\/li>\\n\n\n<li>Mozilla Firefox: <a href=\\\"http:\\\/\\\/support.mozilla.org\\\/es\\\/kb\\\/impedir-que-los-sitios-web-guarden-sus-preferencia\\\" target=\\\"_new\\\">http:\\\/\\\/support.mozilla.org\\\/es\\\/kb\\\/impedir-que-los-sitios-web-guarden-sus-preferencia<\\\/a><\\\/li>\\n\n\n<li>Chrome: <a href=\\\"https:\\\/\\\/support.google.com\\\/accounts\\\/answer\\\/61416?hl=es\\\" target=\\\"_new\\\">https:\\\/\\\/support.google.com\\\/accounts\\\/answer\\\/61416?hl=es<\\\/a><\\\/li>\\n\n\n<li>Safari: <a href=\\\"http:\\\/\\\/safari.helpmax.net\\\/es\\\/privacidad-y-seguridad\\\/como-gestionar-las-cookies\\\/\\\" target=\\\"_new\\\">http:\\\/\\\/safari.helpmax.net\\\/es\\\/privacidad-y-seguridad\\\/como-gestionar-las-cookies\\\/<\\\/a> \\u2022 Opera: <a href=\\\"http:\\\/\\\/help.opera.com\\\/Linux\\\/10.60\\\/es-ES\\\/cookies.html\\\" target=\\\"_new\\\">http:\\\/\\\/help.opera.com\\\/Linux\\\/10.60\\\/es-ES\\\/cookies.html<\\\/a><\\\/li>\\n<\\\/ul>\\n\n\n<p>In addition, you can also manage the cookie store in your browser through tools such as the following:<\\\/p>\\n\n\n<ul>\\n\n\n<li>Ghostery: <a href=\\\"http:\\\/\\\/www.ghostery.com\\\/\\\" target=\\\"_new\\\">www.ghostery.com\\\/<\\\/a>\\u00a0<\\\/li>\\n\n\n<li>Your online choices: <a href=\\\"http:\\\/\\\/www.youronlinechoices.com\\\/es\\\/\\\" target=\\\"_new\\\">www.youronlinechoices.com\\\/es\\\/<\\\/a><\\\/li>\\n<\\\/ul>\\n\n\n<h3>Cookies used on <a href=\\\"http:\\\/\\\/www.miweb.es\\\/\\\" target=\\\"_new\\\">www.miweb.es<\\\/a><\\\/h3>\\n\n\n<p>Below are the cookies being used on this portal as well as their typology and function:<\\\/p>\\n\n\n<h3>Acceptance of the cookie policy<\\\/h3>\\n\n\n<p><a href=\\\"https:\\\/\\\/worldofdanceportugal.com\\\/\\\" target=\\\"_new\\\">www.worldofdanceportugal.com<\\\/a> assumes that you accept the use of cookies. However, information about its cookie policy is displayed at the bottom or top of any page of the portal with each login so that you are aware.<\\\/p>\\n\n\n<p>With this information, the following actions can be carried out:<\\\/p>\\n\n\n<ul>\\n\n\n<li>Accept cookies. This notice will not be displayed again when accessing any page of the portal during the current session.<\\\/li>\\n\n\n<li>Close. The notice is hidden on the current page.<\\\/li>\\n\n\n<li>Modify your settings. You can obtain more information about what cookies are, know the cookie policy of <a href=\\\"https:\\\/\\\/worldofdanceportugal.com\\\/\\\" target=\\\"_new\\\">www.worldofdanceportugal.com<\\\/a> and modify the settings of your browser.<\\\/li>\\n<\\\/ul>\",\"maxwidth\":\"2xlarge\",\"block_align\":\"center\"}}]}]}]}],\"version\":\"3.0.3\"} --><\/p>","protected":false},"excerpt":{"rendered":"<p>Cookies policy YOLO MOVEMENT SL informs about the use of cookies on its website: www.worldofdanceportugal.com What are cookies? Cookies are files that can be downloaded on your computer through web pages. They are tools that play an essential role in providing numerous services of the information society. Among other things, they allow a web page [&hellip;]<\/p>","protected":false},"author":1,"featured_media":0,"parent":0,"menu_order":0,"comment_status":"closed","ping_status":"closed","template":"","meta":{"_acf_changed":false,"footnotes":""},"class_list":["post-2097","page","type-page","status-publish","hentry"],"acf":[],"aioseo_notices":[],"_links":{"self":[{"href":"https:\/\/worldofdanceportugal.com\/pt\/wp-json\/wp\/v2\/pages\/2097","targetHints":{"allow":["GET"]}}],"collection":[{"href":"https:\/\/worldofdanceportugal.com\/pt\/wp-json\/wp\/v2\/pages"}],"about":[{"href":"https:\/\/worldofdanceportugal.com\/pt\/wp-json\/wp\/v2\/types\/page"}],"author":[{"embeddable":true,"href":"https:\/\/worldofdanceportugal.com\/pt\/wp-json\/wp\/v2\/users\/1"}],"replies":[{"embeddable":true,"href":"https:\/\/worldofdanceportugal.com\/pt\/wp-json\/wp\/v2\/comments?post=2097"}],"version-history":[{"count":3,"href":"https:\/\/worldofdanceportugal.com\/pt\/wp-json\/wp\/v2\/pages\/2097\/revisions"}],"predecessor-version":[{"id":2100,"href":"https:\/\/worldofdanceportugal.com\/pt\/wp-json\/wp\/v2\/pages\/2097\/revisions\/2100"}],"wp:attachment":[{"href":"https:\/\/worldofdanceportugal.com\/pt\/wp-json\/wp\/v2\/media?parent=2097"}],"curies":[{"name":"wp","href":"https:\/\/api.w.org\/{rel}","templated":true}]}}